{"id":246,"date":"2024-09-23T19:41:33","date_gmt":"2024-09-23T19:41:33","guid":{"rendered":"https:\/\/liceomariareina.cl\/?page_id=246"},"modified":"2024-09-26T18:55:44","modified_gmt":"2024-09-26T18:55:44","slug":"talleres","status":"publish","type":"page","link":"https:\/\/liceomariareina.cl\/index.php\/talleres\/","title":{"rendered":"Talleres"},"content":{"rendered":"\t\t<div data-elementor-type=\"wp-page\" data-elementor-id=\"246\" class=\"elementor elementor-246\" data-elementor-post-type=\"page\">\n\t\t\t\t<div class=\"elementor-element elementor-element-1801d64 e-flex e-con-boxed e-con e-parent\" data-id=\"1801d64\" data-element_type=\"container\" data-settings=\"{&quot;jet_parallax_layout_list&quot;:[]}\">\n\t\t\t\t\t<div class=\"e-con-inner\">\n\t\t\t\t<div class=\"elementor-element elementor-element-532a86f elementor-grid-2 elementor-grid-tablet-2 elementor-grid-mobile-1 elementor-posts--thumbnail-top elementor-widget elementor-widget-posts\" data-id=\"532a86f\" data-element_type=\"widget\" data-settings=\"{&quot;classic_columns&quot;:&quot;2&quot;,&quot;classic_columns_tablet&quot;:&quot;2&quot;,&quot;classic_columns_mobile&quot;:&quot;1&quot;,&quot;classic_row_gap&quot;:{&quot;unit&quot;:&quot;px&quot;,&quot;size&quot;:35,&quot;sizes&quot;:[]},&quot;classic_row_gap_tablet&quot;:{&quot;unit&quot;:&quot;px&quot;,&quot;size&quot;:&quot;&quot;,&quot;sizes&quot;:[]},&quot;classic_row_gap_mobile&quot;:{&quot;unit&quot;:&quot;px&quot;,&quot;size&quot;:&quot;&quot;,&quot;sizes&quot;:[]}}\" data-widget_type=\"posts.classic\">\n\t\t\t\t<div class=\"elementor-widget-container\">\n\t\t\t\t\t<div class=\"elementor-posts-container elementor-posts elementor-posts--skin-classic elementor-grid\">\n\t\t\t\t<article class=\"elementor-post elementor-grid-item post-438 post type-post status-publish format-standard has-post-thumbnail hentry category-talleres-2024\">\n\t\t\t\t<a class=\"elementor-post__thumbnail__link\" href=\"https:\/\/liceomariareina.cl\/index.php\/2024\/09\/25\/talleres-artisticos\/\" tabindex=\"-1\" >\n\t\t\t<div class=\"elementor-post__thumbnail\"><img fetchpriority=\"high\" decoding=\"async\" width=\"800\" height=\"494\" src=\"https:\/\/liceomariareina.cl\/wp-content\/uploads\/2024\/09\/TALLERES_ARTISTICOS_2024.jpg\" class=\"attachment-large size-large wp-image-439\" alt=\"\" srcset=\"https:\/\/liceomariareina.cl\/wp-content\/uploads\/2024\/09\/TALLERES_ARTISTICOS_2024.jpg 836w, https:\/\/liceomariareina.cl\/wp-content\/uploads\/2024\/09\/TALLERES_ARTISTICOS_2024-300x185.jpg 300w, https:\/\/liceomariareina.cl\/wp-content\/uploads\/2024\/09\/TALLERES_ARTISTICOS_2024-768x474.jpg 768w\" sizes=\"(max-width: 800px) 100vw, 800px\" \/><\/div>\n\t\t<\/a>\n\t\t\t\t<div class=\"elementor-post__text\">\n\t\t\t\t<h3 class=\"elementor-post__title\">\n\t\t\t<a href=\"https:\/\/liceomariareina.cl\/index.php\/2024\/09\/25\/talleres-artisticos\/\" >\n\t\t\t\tTalleres Art\u00edsticos\t\t\t<\/a>\n\t\t<\/h3>\n\t\t\t\t<div class=\"elementor-post__excerpt\">\n\t\t\t<p>Taller Apresto Guitarra Marco Lobos Martes 16.00 a 17.00 Interesados Taller Instrumental Marco Lobos Lunes 16.00 a 17.00 Interesados Taller de Guitarra Marco Lobos Martes 17.00 a 18.00 Interesados Taller<\/p>\n\t\t<\/div>\n\t\t\n\t\t<a class=\"elementor-post__read-more\" href=\"https:\/\/liceomariareina.cl\/index.php\/2024\/09\/25\/talleres-artisticos\/\" aria-label=\"M\u00e1s informaci\u00f3n sobre Talleres Art\u00edsticos\" tabindex=\"-1\" >\n\t\t\tLeer m\u00e1s \u00bb\t\t<\/a>\n\n\t\t\t\t<\/div>\n\t\t\t\t<\/article>\n\t\t\t\t<article class=\"elementor-post elementor-grid-item post-429 post type-post status-publish format-standard has-post-thumbnail hentry category-talleres-2024\">\n\t\t\t\t<a class=\"elementor-post__thumbnail__link\" href=\"https:\/\/liceomariareina.cl\/index.php\/2024\/09\/25\/talleres-deportivos\/\" tabindex=\"-1\" >\n\t\t\t<div class=\"elementor-post__thumbnail\"><img decoding=\"async\" width=\"800\" height=\"534\" src=\"https:\/\/liceomariareina.cl\/wp-content\/uploads\/2024\/09\/Talleres_Deportivos_2024_Imagen_Encabezado.jpg\" class=\"attachment-large size-large wp-image-591\" alt=\"\" srcset=\"https:\/\/liceomariareina.cl\/wp-content\/uploads\/2024\/09\/Talleres_Deportivos_2024_Imagen_Encabezado.jpg 826w, https:\/\/liceomariareina.cl\/wp-content\/uploads\/2024\/09\/Talleres_Deportivos_2024_Imagen_Encabezado-300x200.jpg 300w, https:\/\/liceomariareina.cl\/wp-content\/uploads\/2024\/09\/Talleres_Deportivos_2024_Imagen_Encabezado-768x512.jpg 768w\" sizes=\"(max-width: 800px) 100vw, 800px\" \/><\/div>\n\t\t<\/a>\n\t\t\t\t<div class=\"elementor-post__text\">\n\t\t\t\t<h3 class=\"elementor-post__title\">\n\t\t\t<a href=\"https:\/\/liceomariareina.cl\/index.php\/2024\/09\/25\/talleres-deportivos\/\" >\n\t\t\t\tTalleres Deportivos\t\t\t<\/a>\n\t\t<\/h3>\n\t\t\t\t<div class=\"elementor-post__excerpt\">\n\t\t\t<p>Taller de F\u00fatbol Profesor: Alonso LizamaMartes: 15.30 a 17.00 3\u00ba a 5\u00ba b\u00e1sico Taller de F\u00fatbol Profesor: Alonso LizamaJueves: 15.30 a 17.00 6\u00ba a 8\u00ba b\u00e1sico Taller de F\u00fatbol Profesor:<\/p>\n\t\t<\/div>\n\t\t\n\t\t<a class=\"elementor-post__read-more\" href=\"https:\/\/liceomariareina.cl\/index.php\/2024\/09\/25\/talleres-deportivos\/\" aria-label=\"M\u00e1s informaci\u00f3n sobre Talleres Deportivos\" tabindex=\"-1\" >\n\t\t\tLeer m\u00e1s \u00bb\t\t<\/a>\n\n\t\t\t\t<\/div>\n\t\t\t\t<\/article>\n\t\t\t\t<\/div>\n\t\t\n\t\t\t\t<\/div>\n\t\t\t\t<\/div>\n\t\t\t\t\t<\/div>\n\t\t\t\t<\/div>\n\t\t\t\t<\/div>\n\t\t","protected":false},"excerpt":{"rendered":"","protected":false},"author":1,"featured_media":0,"parent":0,"menu_order":0,"comment_status":"closed","ping_status":"closed","template":"","meta":{"footnotes":""},"class_list":["post-246","page","type-page","status-publish","hentry"],"_links":{"self":[{"href":"https:\/\/liceomariareina.cl\/index.php\/wp-json\/wp\/v2\/pages\/246","targetHints":{"allow":["GET"]}}],"collection":[{"href":"https:\/\/liceomariareina.cl\/index.php\/wp-json\/wp\/v2\/pages"}],"about":[{"href":"https:\/\/liceomariareina.cl\/index.php\/wp-json\/wp\/v2\/types\/page"}],"author":[{"embeddable":true,"href":"https:\/\/liceomariareina.cl\/index.php\/wp-json\/wp\/v2\/users\/1"}],"replies":[{"embeddable":true,"href":"https:\/\/liceomariareina.cl\/index.php\/wp-json\/wp\/v2\/comments?post=246"}],"version-history":[{"count":4,"href":"https:\/\/liceomariareina.cl\/index.php\/wp-json\/wp\/v2\/pages\/246\/revisions"}],"predecessor-version":[{"id":590,"href":"https:\/\/liceomariareina.cl\/index.php\/wp-json\/wp\/v2\/pages\/246\/revisions\/590"}],"wp:attachment":[{"href":"https:\/\/liceomariareina.cl\/index.php\/wp-json\/wp\/v2\/media?parent=246"}],"curies":[{"name":"wp","href":"https:\/\/api.w.org\/{rel}","templated":true}]}}